{"id":41,"date":"2024-10-31T02:29:41","date_gmt":"2024-10-31T01:29:41","guid":{"rendered":"https:\/\/www.aoisensors.com\/?page_id=41"},"modified":"2024-11-05T12:38:53","modified_gmt":"2024-11-05T11:38:53","slug":"partner","status":"publish","type":"page","link":"https:\/\/www.aoisensors.com\/de\/partner\/","title":{"rendered":"partner"},"content":{"rendered":"<div data-elementor-type=\"wp-page\" data-elementor-id=\"41\" class=\"elementor elementor-41\" data-elementor-post-type=\"page\">\n\t\t\t\t<div class=\"elementor-element elementor-element-16e977f e-flex e-con-boxed e-con e-parent\" data-id=\"16e977f\" data-element_type=\"container\">\n\t\t\t\t\t<div class=\"e-con-inner\">\n\t\t\t\t<div class=\"elementor-element elementor-element-8cf2325 elementor-widget elementor-widget-spacer\" data-id=\"8cf2325\" data-element_type=\"widget\" data-widget_type=\"spacer.default\">\n\t\t\t\t<div class=\"elementor-widget-container\">\n\t\t\t\t\t<div class=\"elementor-spacer\">\n\t\t\t<div class=\"elementor-spacer-inner\"><\/div>\n\t\t<\/div>\n\t\t\t\t<\/div>\n\t\t\t\t<\/div>\n\t\t\t\t<div class=\"elementor-element elementor-element-ced4967 elementor--h-position-center elementor--v-position-middle elementor-arrows-position-inside elementor-pagination-position-inside elementor-widget elementor-widget-slides\" data-id=\"ced4967\" data-element_type=\"widget\" data-settings=\"{&quot;navigation&quot;:&quot;both&quot;,&quot;autoplay&quot;:&quot;yes&quot;,&quot;pause_on_hover&quot;:&quot;yes&quot;,&quot;pause_on_interaction&quot;:&quot;yes&quot;,&quot;autoplay_speed&quot;:5000,&quot;infinite&quot;:&quot;yes&quot;,&quot;transition&quot;:&quot;slide&quot;,&quot;transition_speed&quot;:500}\" data-widget_type=\"slides.default\">\n\t\t\t\t<div class=\"elementor-widget-container\">\n\t\t\t\t\t<div class=\"elementor-swiper\">\n\t\t\t<div class=\"elementor-slides-wrapper elementor-main-swiper swiper\" dir=\"ltr\" data-animation=\"fadeInUp\">\n\t\t\t\t<div class=\"swiper-wrapper elementor-slides\">\n\t\t\t\t\t\t\t\t\t\t<div class=\"elementor-repeater-item-678d8a9 swiper-slide\"><div class=\"swiper-slide-bg\" role=\"img\"><\/div><div class=\"swiper-slide-inner\" ><div class=\"swiper-slide-contents\"><\/div><\/div><\/div>\t\t\t\t<\/div>\n\t\t\t\t\t\t\t<\/div>\n\t\t<\/div>\n\t\t\t\t<\/div>\n\t\t\t\t<\/div>\n\t\t\t\t<div class=\"elementor-element elementor-element-b07ec9f elementor-widget elementor-widget-spacer\" data-id=\"b07ec9f\" data-element_type=\"widget\" data-widget_type=\"spacer.default\">\n\t\t\t\t<div class=\"elementor-widget-container\">\n\t\t\t\t\t<div class=\"elementor-spacer\">\n\t\t\t<div class=\"elementor-spacer-inner\"><\/div>\n\t\t<\/div>\n\t\t\t\t<\/div>\n\t\t\t\t<\/div>\n\t\t\t\t\t<\/div>\n\t\t\t\t<\/div>\n\t\t<div class=\"elementor-element elementor-element-340b10e e-flex e-con-boxed e-con e-parent\" data-id=\"340b10e\" data-element_type=\"container\">\n\t\t\t\t\t<div class=\"e-con-inner\">\n\t\t\t\t<div class=\"elementor-element elementor-element-0a0bddc elementor-widget elementor-widget-heading\" data-id=\"0a0bddc\" data-element_type=\"widget\" data-widget_type=\"heading.default\">\n\t\t\t\t<div class=\"elementor-widget-container\">\n\t\t\t<h2 class=\"elementor-heading-title elementor-size-default\">Offiziell zertifizierter Distributor von:<\/h2>\t\t<\/div>\n\t\t\t\t<\/div>\n\t\t\t\t<div class=\"elementor-element elementor-element-ca6af21 elementor-widget elementor-widget-spacer\" data-id=\"ca6af21\" data-element_type=\"widget\" data-widget_type=\"spacer.default\">\n\t\t\t\t<div class=\"elementor-widget-container\">\n\t\t\t\t\t<div class=\"elementor-spacer\">\n\t\t\t<div class=\"elementor-spacer-inner\"><\/div>\n\t\t<\/div>\n\t\t\t\t<\/div>\n\t\t\t\t<\/div>\n\t\t\t\t\t<\/div>\n\t\t\t\t<\/div>\n\t\t<div class=\"elementor-element elementor-element-1ae390a e-flex e-con-boxed e-con e-parent\" data-id=\"1ae390a\" data-element_type=\"container\">\n\t\t\t\t\t<div class=\"e-con-inner\">\n\t\t<div class=\"elementor-element elementor-element-9cd51e6 e-con-full e-flex e-con e-child\" data-id=\"9cd51e6\" data-element_type=\"container\">\n\t\t\t\t<div class=\"elementor-element elementor-element-38a70a6 elementor-widget elementor-widget-image\" data-id=\"38a70a6\" data-element_type=\"widget\" data-widget_type=\"image.default\">\n\t\t\t\t<div class=\"elementor-widget-container\">\n\t\t\t\t\t\t\t\t\t\t\t\t\t<img decoding=\"async\" width=\"319\" height=\"94\" src=\"https:\/\/www.aoisensors.com\/wp-content\/uploads\/2024\/11\/schneider-electric.png\" class=\"attachment-full size-full wp-image-376\" alt=\"\" srcset=\"https:\/\/www.aoisensors.com\/wp-content\/uploads\/2024\/11\/schneider-electric.png 319w, https:\/\/www.aoisensors.com\/wp-content\/uploads\/2024\/11\/schneider-electric-18x5.png 18w\" sizes=\"(max-width: 319px) 100vw, 319px\" \/>\t\t\t\t\t\t\t\t\t\t\t\t\t<\/div>\n\t\t\t\t<\/div>\n\t\t\t\t<\/div>\n\t\t<div class=\"elementor-element elementor-element-0110710 e-con-full e-flex e-con e-child\" data-id=\"0110710\" data-element_type=\"container\">\n\t\t\t\t<div class=\"elementor-element elementor-element-af8c13a elementor-widget elementor-widget-heading\" data-id=\"af8c13a\" data-element_type=\"widget\" data-widget_type=\"heading.default\">\n\t\t\t\t<div class=\"elementor-widget-container\">\n\t\t\t<h2 class=\"elementor-heading-title elementor-size-default\">SCHNEIDER ELECTRIC<\/h2>\t\t<\/div>\n\t\t\t\t<\/div>\n\t\t\t\t<div class=\"elementor-element elementor-element-6f8b89e elementor-widget elementor-widget-text-editor\" data-id=\"6f8b89e\" data-element_type=\"widget\" data-widget_type=\"text-editor.default\">\n\t\t\t\t<div class=\"elementor-widget-container\">\n\t\t\t\t\t\t\t<p>Als offizieller Vertriebspartner von Schneider Electric bringen wir Ihnen die innovativen L\u00f6sungen eines weltweit f\u00fchrenden Unternehmens in der digitalen Transformation von Energiemanagement und Automatisierung.<\/p><p>und wir unterst\u00fctzen Sie dabei, diese L\u00f6sungen erfolgreich in Ihrem Unternehmen zu integrieren<\/p><p><strong>Life Is On.<\/strong><\/p>\t\t\t\t\t\t<\/div>\n\t\t\t\t<\/div>\n\t\t\t\t<\/div>\n\t\t\t\t\t<\/div>\n\t\t\t\t<\/div>\n\t\t<div class=\"elementor-element elementor-element-65150c7 e-flex e-con-boxed e-con e-parent\" data-id=\"65150c7\" data-element_type=\"container\">\n\t\t\t\t\t<div class=\"e-con-inner\">\n\t\t<div class=\"elementor-element elementor-element-04d5117 e-con-full e-flex e-con e-child\" data-id=\"04d5117\" data-element_type=\"container\">\n\t\t\t\t<div class=\"elementor-element elementor-element-e8062c1 elementor-widget elementor-widget-image\" data-id=\"e8062c1\" data-element_type=\"widget\" data-widget_type=\"image.default\">\n\t\t\t\t<div class=\"elementor-widget-container\">\n\t\t\t\t\t\t\t\t\t\t\t\t\t<img decoding=\"async\" width=\"332\" height=\"87\" src=\"https:\/\/www.aoisensors.com\/wp-content\/uploads\/2024\/11\/telemecanique-sensors.png\" class=\"attachment-full size-full wp-image-386\" alt=\"\" srcset=\"https:\/\/www.aoisensors.com\/wp-content\/uploads\/2024\/11\/telemecanique-sensors.png 332w, https:\/\/www.aoisensors.com\/wp-content\/uploads\/2024\/11\/telemecanique-sensors-18x5.png 18w\" sizes=\"(max-width: 332px) 100vw, 332px\" \/>\t\t\t\t\t\t\t\t\t\t\t\t\t<\/div>\n\t\t\t\t<\/div>\n\t\t\t\t<\/div>\n\t\t<div class=\"elementor-element elementor-element-56024c6 e-con-full e-flex e-con e-child\" data-id=\"56024c6\" data-element_type=\"container\">\n\t\t\t\t<div class=\"elementor-element elementor-element-f175e23 elementor-widget elementor-widget-heading\" data-id=\"f175e23\" data-element_type=\"widget\" data-widget_type=\"heading.default\">\n\t\t\t\t<div class=\"elementor-widget-container\">\n\t\t\t<h2 class=\"elementor-heading-title elementor-size-default\">TELEMECANIQUE SENSORS<\/h2>\t\t<\/div>\n\t\t\t\t<\/div>\n\t\t\t\t<div class=\"elementor-element elementor-element-f513605 elementor-widget elementor-widget-text-editor\" data-id=\"f513605\" data-element_type=\"widget\" data-widget_type=\"text-editor.default\">\n\t\t\t\t<div class=\"elementor-widget-container\">\n\t\t\t\t\t\t\t<p>Telemecanique Sensors ist ein f\u00fchrender Anbieter von Sensorl\u00f6sungen f\u00fcr die industrielle Automatisierung und bietet ein umfassendes Sortiment hochwertiger Sensoren f\u00fcr vielf\u00e4ltige Anwendungen und Branchen, wie Fabrikautomation, Lebensmittelindustrie, Logistik und Maschinenbau.<\/p><p>With innovative products such as proximity switches, photoelectric sensors, safety switches, and pressure sensors, Telemecanique Sensors helps its customers accurately and reliably capture and monitor data and signals in their systems.<\/p>\t\t\t\t\t\t<\/div>\n\t\t\t\t<\/div>\n\t\t\t\t<\/div>\n\t\t\t\t\t<\/div>\n\t\t\t\t<\/div>\n\t\t\t\t<\/div>","protected":false},"excerpt":{"rendered":"<p>Officially certified distributor of: SCHNEIDER ELECTRIC As an official distribution partner of Schneider Electric, we bring you the innovative solutions of a global leader in the digital transformation of energy management and automation. And we support you in successfully integrating these solutions into your business. Life Is On. TELEMECANIQUE SENSORS Telemecanique Sensors is a leading [&hellip;]<\/p>","protected":false},"author":1,"featured_media":0,"parent":0,"menu_order":0,"comment_status":"closed","ping_status":"closed","template":"","meta":{"footnotes":""},"class_list":["post-41","page","type-page","status-publish","hentry"],"yoast_head":"<!-- This site is optimized with the Yoast SEO Premium plugin v23.7 (Yoast SEO v23.7) - https:\/\/yoast.com\/wordpress\/plugins\/seo\/ -->\n<title>partner | aoisensors.com<\/title>\n<meta name=\"robots\" content=\"index, follow, max-snippet:-1, max-image-preview:large, max-video-preview:-1\" \/>\n<link rel=\"canonical\" href=\"https:\/\/www.aoisensors.com\/de\/partner\/\" \/>\n<meta property=\"og:locale\" content=\"de_DE\" \/>\n<meta property=\"og:type\" content=\"article\" \/>\n<meta property=\"og:title\" content=\"partner\" \/>\n<meta property=\"og:description\" content=\"Officially certified distributor of: SCHNEIDER ELECTRIC As an official distribution partner of Schneider Electric, we bring you the innovative solutions of a global leader in the digital transformation of energy management and automation. And we support you in successfully integrating these solutions into your business. Life Is On. TELEMECANIQUE SENSORS Telemecanique Sensors is a leading [&hellip;]\" \/>\n<meta property=\"og:url\" content=\"https:\/\/www.aoisensors.com\/de\/partner\/\" \/>\n<meta property=\"og:site_name\" content=\"AOI Sensors\" \/>\n<meta property=\"article:modified_time\" content=\"2024-11-05T11:38:53+00:00\" \/>\n<meta property=\"og:image\" content=\"https:\/\/www.aoisensors.com\/wp-content\/uploads\/2024\/11\/schneider-electric.png\" \/>\n\t<meta property=\"og:image:width\" content=\"319\" \/>\n\t<meta property=\"og:image:height\" content=\"94\" \/>\n\t<meta property=\"og:image:type\" content=\"image\/png\" \/>\n<meta name=\"twitter:card\" content=\"summary_large_image\" \/>\n<meta name=\"twitter:label1\" content=\"Gesch\u00e4tzte Lesezeit\" \/>\n\t<meta name=\"twitter:data1\" content=\"1\u00a0Minute\" \/>\n<script type=\"application\/ld+json\" class=\"yoast-schema-graph\">{\"@context\":\"https:\/\/schema.org\",\"@graph\":[{\"@type\":\"WebPage\",\"@id\":\"https:\/\/www.aoisensors.com\/partner\/\",\"url\":\"https:\/\/www.aoisensors.com\/partner\/\",\"name\":\"partner | aoisensors.com\",\"isPartOf\":{\"@id\":\"https:\/\/www.aoisensors.com\/#website\"},\"primaryImageOfPage\":{\"@id\":\"https:\/\/www.aoisensors.com\/partner\/#primaryimage\"},\"image\":{\"@id\":\"https:\/\/www.aoisensors.com\/partner\/#primaryimage\"},\"thumbnailUrl\":\"https:\/\/www.aoisensors.com\/wp-content\/uploads\/2024\/11\/schneider-electric.png\",\"datePublished\":\"2024-10-31T01:29:41+00:00\",\"dateModified\":\"2024-11-05T11:38:53+00:00\",\"breadcrumb\":{\"@id\":\"https:\/\/www.aoisensors.com\/partner\/#breadcrumb\"},\"inLanguage\":\"de\",\"potentialAction\":[{\"@type\":\"ReadAction\",\"target\":[\"https:\/\/www.aoisensors.com\/partner\/\"]}]},{\"@type\":\"ImageObject\",\"inLanguage\":\"de\",\"@id\":\"https:\/\/www.aoisensors.com\/partner\/#primaryimage\",\"url\":\"https:\/\/www.aoisensors.com\/wp-content\/uploads\/2024\/11\/schneider-electric.png\",\"contentUrl\":\"https:\/\/www.aoisensors.com\/wp-content\/uploads\/2024\/11\/schneider-electric.png\"},{\"@type\":\"BreadcrumbList\",\"@id\":\"https:\/\/www.aoisensors.com\/partner\/#breadcrumb\",\"itemListElement\":[{\"@type\":\"ListItem\",\"position\":1,\"name\":\"\u9996\u9875\",\"item\":\"https:\/\/www.aoisensors.com\/\"},{\"@type\":\"ListItem\",\"position\":2,\"name\":\"partner\"}]},{\"@type\":\"WebSite\",\"@id\":\"https:\/\/www.aoisensors.com\/#website\",\"url\":\"https:\/\/www.aoisensors.com\/\",\"name\":\"AOI Sensors\",\"description\":\"\",\"publisher\":{\"@id\":\"https:\/\/www.aoisensors.com\/#organization\"},\"potentialAction\":[{\"@type\":\"SearchAction\",\"target\":{\"@type\":\"EntryPoint\",\"urlTemplate\":\"https:\/\/www.aoisensors.com\/?s={search_term_string}\"},\"query-input\":{\"@type\":\"PropertyValueSpecification\",\"valueRequired\":true,\"valueName\":\"search_term_string\"}}],\"inLanguage\":\"de\"},{\"@type\":\"Organization\",\"@id\":\"https:\/\/www.aoisensors.com\/#organization\",\"name\":\"AOI Sensors\",\"url\":\"https:\/\/www.aoisensors.com\/\",\"logo\":{\"@type\":\"ImageObject\",\"inLanguage\":\"de\",\"@id\":\"https:\/\/www.aoisensors.com\/#\/schema\/logo\/image\/\",\"url\":\"https:\/\/www.aoisensors.com\/wp-content\/uploads\/2024\/10\/AOI-Solution-logo.png\",\"contentUrl\":\"https:\/\/www.aoisensors.com\/wp-content\/uploads\/2024\/10\/AOI-Solution-logo.png\",\"width\":327,\"height\":121,\"caption\":\"AOI Sensors\"},\"image\":{\"@id\":\"https:\/\/www.aoisensors.com\/#\/schema\/logo\/image\/\"}}]}<\/script>\n<!-- \/ Yoast SEO Premium plugin. -->","yoast_head_json":{"title":"partner | aoisensors.com","robots":{"index":"index","follow":"follow","max-snippet":"max-snippet:-1","max-image-preview":"max-image-preview:large","max-video-preview":"max-video-preview:-1"},"canonical":"https:\/\/www.aoisensors.com\/de\/partner\/","og_locale":"de_DE","og_type":"article","og_title":"partner","og_description":"Officially certified distributor of: SCHNEIDER ELECTRIC As an official distribution partner of Schneider Electric, we bring you the innovative solutions of a global leader in the digital transformation of energy management and automation. And we support you in successfully integrating these solutions into your business. Life Is On. TELEMECANIQUE SENSORS Telemecanique Sensors is a leading [&hellip;]","og_url":"https:\/\/www.aoisensors.com\/de\/partner\/","og_site_name":"AOI Sensors","article_modified_time":"2024-11-05T11:38:53+00:00","og_image":[{"width":319,"height":94,"url":"https:\/\/www.aoisensors.com\/wp-content\/uploads\/2024\/11\/schneider-electric.png","type":"image\/png"}],"twitter_card":"summary_large_image","twitter_misc":{"Gesch\u00e4tzte Lesezeit":"1\u00a0Minute"},"schema":{"@context":"https:\/\/schema.org","@graph":[{"@type":"WebPage","@id":"https:\/\/www.aoisensors.com\/partner\/","url":"https:\/\/www.aoisensors.com\/partner\/","name":"partner | aoisensors.com","isPartOf":{"@id":"https:\/\/www.aoisensors.com\/#website"},"primaryImageOfPage":{"@id":"https:\/\/www.aoisensors.com\/partner\/#primaryimage"},"image":{"@id":"https:\/\/www.aoisensors.com\/partner\/#primaryimage"},"thumbnailUrl":"https:\/\/www.aoisensors.com\/wp-content\/uploads\/2024\/11\/schneider-electric.png","datePublished":"2024-10-31T01:29:41+00:00","dateModified":"2024-11-05T11:38:53+00:00","breadcrumb":{"@id":"https:\/\/www.aoisensors.com\/partner\/#breadcrumb"},"inLanguage":"de","potentialAction":[{"@type":"ReadAction","target":["https:\/\/www.aoisensors.com\/partner\/"]}]},{"@type":"ImageObject","inLanguage":"de","@id":"https:\/\/www.aoisensors.com\/partner\/#primaryimage","url":"https:\/\/www.aoisensors.com\/wp-content\/uploads\/2024\/11\/schneider-electric.png","contentUrl":"https:\/\/www.aoisensors.com\/wp-content\/uploads\/2024\/11\/schneider-electric.png"},{"@type":"BreadcrumbList","@id":"https:\/\/www.aoisensors.com\/partner\/#breadcrumb","itemListElement":[{"@type":"ListItem","position":1,"name":"\u9996\u9875","item":"https:\/\/www.aoisensors.com\/"},{"@type":"ListItem","position":2,"name":"partner"}]},{"@type":"WebSite","@id":"https:\/\/www.aoisensors.com\/#website","url":"https:\/\/www.aoisensors.com\/","name":"AOI Sensors","description":"","publisher":{"@id":"https:\/\/www.aoisensors.com\/#organization"},"potentialAction":[{"@type":"SearchAction","target":{"@type":"EntryPoint","urlTemplate":"https:\/\/www.aoisensors.com\/?s={search_term_string}"},"query-input":{"@type":"PropertyValueSpecification","valueRequired":true,"valueName":"search_term_string"}}],"inLanguage":"de"},{"@type":"Organization","@id":"https:\/\/www.aoisensors.com\/#organization","name":"AOI Sensors","url":"https:\/\/www.aoisensors.com\/","logo":{"@type":"ImageObject","inLanguage":"de","@id":"https:\/\/www.aoisensors.com\/#\/schema\/logo\/image\/","url":"https:\/\/www.aoisensors.com\/wp-content\/uploads\/2024\/10\/AOI-Solution-logo.png","contentUrl":"https:\/\/www.aoisensors.com\/wp-content\/uploads\/2024\/10\/AOI-Solution-logo.png","width":327,"height":121,"caption":"AOI Sensors"},"image":{"@id":"https:\/\/www.aoisensors.com\/#\/schema\/logo\/image\/"}}]}},"_links":{"self":[{"href":"https:\/\/www.aoisensors.com\/de\/wp-json\/wp\/v2\/pages\/41","targetHints":{"allow":["GET"]}}],"collection":[{"href":"https:\/\/www.aoisensors.com\/de\/wp-json\/wp\/v2\/pages"}],"about":[{"href":"https:\/\/www.aoisensors.com\/de\/wp-json\/wp\/v2\/types\/page"}],"author":[{"embeddable":true,"href":"https:\/\/www.aoisensors.com\/de\/wp-json\/wp\/v2\/users\/1"}],"replies":[{"embeddable":true,"href":"https:\/\/www.aoisensors.com\/de\/wp-json\/wp\/v2\/comments?post=41"}],"version-history":[{"count":62,"href":"https:\/\/www.aoisensors.com\/de\/wp-json\/wp\/v2\/pages\/41\/revisions"}],"predecessor-version":[{"id":733,"href":"https:\/\/www.aoisensors.com\/de\/wp-json\/wp\/v2\/pages\/41\/revisions\/733"}],"wp:attachment":[{"href":"https:\/\/www.aoisensors.com\/de\/wp-json\/wp\/v2\/media?parent=41"}],"curies":[{"name":"wp","href":"https:\/\/api.w.org\/{rel}","templated":true}]}}