{"id":32,"date":"2024-10-31T02:22:45","date_gmt":"2024-10-31T01:22:45","guid":{"rendered":"https:\/\/www.aoisensors.com\/?page_id=32"},"modified":"2024-11-06T09:01:07","modified_gmt":"2024-11-06T08:01:07","slug":"about","status":"publish","type":"page","link":"https:\/\/www.aoisensors.com\/de\/about\/","title":{"rendered":"\u00dcber uns"},"content":{"rendered":"<div data-elementor-type=\"wp-page\" data-elementor-id=\"32\" class=\"elementor elementor-32\" data-elementor-post-type=\"page\">\n\t\t\t\t<div class=\"elementor-element elementor-element-5dec3fd1 e-flex e-con-boxed e-con e-parent\" data-id=\"5dec3fd1\" data-element_type=\"container\">\n\t\t\t\t\t<div class=\"e-con-inner\">\n\t\t\t\t<div class=\"elementor-element elementor-element-67bd61f elementor-widget elementor-widget-spacer\" data-id=\"67bd61f\" data-element_type=\"widget\" data-widget_type=\"spacer.default\">\n\t\t\t\t<div class=\"elementor-widget-container\">\n\t\t\t\t\t<div class=\"elementor-spacer\">\n\t\t\t<div class=\"elementor-spacer-inner\"><\/div>\n\t\t<\/div>\n\t\t\t\t<\/div>\n\t\t\t\t<\/div>\n\t\t\t\t\t<\/div>\n\t\t\t\t<\/div>\n\t\t<div class=\"elementor-element elementor-element-cbbe400 e-flex e-con-boxed e-con e-parent\" data-id=\"cbbe400\" data-element_type=\"container\">\n\t\t\t\t\t<div class=\"e-con-inner\">\n\t\t<div class=\"elementor-element elementor-element-fb00481 e-con-full e-flex e-con e-child\" data-id=\"fb00481\" data-element_type=\"container\">\n\t\t\t\t<div class=\"elementor-element elementor-element-c211ee1 elementor-widget elementor-widget-image\" data-id=\"c211ee1\" data-element_type=\"widget\" data-widget_type=\"image.default\">\n\t\t\t\t<div class=\"elementor-widget-container\">\n\t\t\t\t\t\t\t\t\t\t\t\t\t<img fetchpriority=\"high\" decoding=\"async\" width=\"600\" height=\"600\" src=\"https:\/\/www.aoisensors.com\/wp-content\/uploads\/2024\/11\/\u4ed3\u5e93\u5185\u90e8\u56fe\u724706-600x600.jpg\" class=\"attachment-medium size-medium wp-image-484\" alt=\"\" srcset=\"https:\/\/www.aoisensors.com\/wp-content\/uploads\/2024\/11\/\u4ed3\u5e93\u5185\u90e8\u56fe\u724706-600x600.jpg 600w, https:\/\/www.aoisensors.com\/wp-content\/uploads\/2024\/11\/\u4ed3\u5e93\u5185\u90e8\u56fe\u724706-300x300.jpg 300w\" sizes=\"(max-width: 600px) 100vw, 600px\" \/>\t\t\t\t\t\t\t\t\t\t\t\t\t<\/div>\n\t\t\t\t<\/div>\n\t\t\t\t<\/div>\n\t\t<div class=\"elementor-element elementor-element-f92f559 e-con-full e-flex e-con e-child\" data-id=\"f92f559\" data-element_type=\"container\">\n\t\t\t\t<div class=\"elementor-element elementor-element-2a46ba12 elementor-widget elementor-widget-text-editor\" data-id=\"2a46ba12\" data-element_type=\"widget\" data-widget_type=\"text-editor.default\">\n\t\t\t\t<div class=\"elementor-widget-container\">\n\t\t\t\t\t\t\t<!-- wp:group {\"layout\":{\"type\":\"constrained\"}} -->\n<div class=\"wp-block-group\"><!-- wp:paragraph -->\n<p>AOI Solutions GmbH, ein in Deutschland ans\u00e4ssiger Distributor f\u00fcr industrielle Automatisierung, wurde 2015 gegr\u00fcndet. AOI, Made in Germany. Wir unterst\u00fctzen unsere Kunden bei der Beschaffung von Produkten, Waren und Transport f\u00fcr internationale Projekte.<\/p>\n<\/div>\n<!-- \/wp:group --><!-- wp:group {\"layout\":{\"type\":\"constrained\"}} -->\n<div class=\"wp-block-group\"><!-- wp:paragraph -->\n<p>Automatisierte Montagelinie: Prozessplanung, Ger\u00e4teplanung, L\u00f6sungsdesign und Implementierung. Wir sind auf die Distribution einer breiten Palette von Produkten der industriellen Automatisierung spezialisiert, darunter Sensoren, Transducer, Antriebe und mehr.<\/p>\n<!-- \/wp:paragraph --><!-- wp:group {\"layout\":{\"type\":\"flex\",\"flexWrap\":\"nowrap\"}} --><!-- \/wp:group --><!-- wp:paragraph -->\n<p>Wir streben an, den Prozess f\u00fcr unsere Kunden zu vereinfachen. Wir werden die verschiedenen Zollvorschriften und spezifischen Import-\/Versandsteuern, die erforderlich sind, \u00fcbernehmen.<\/p>\n<!-- \/wp:paragraph --><!-- wp:group {\"layout\":{\"type\":\"flex\",\"flexWrap\":\"nowrap\"}} --><!-- \/wp:group --><\/div>\n<!-- \/wp:group -->\t\t\t\t\t\t<\/div>\n\t\t\t\t<\/div>\n\t\t\t\t<\/div>\n\t\t\t\t\t<\/div>\n\t\t\t\t<\/div>\n\t\t<div class=\"elementor-element elementor-element-9fcd4a5 e-flex e-con-boxed e-con e-parent\" data-id=\"9fcd4a5\" data-element_type=\"container\">\n\t\t\t\t\t<div class=\"e-con-inner\">\n\t\t\t\t<div class=\"elementor-element elementor-element-53aab40 elementor-widget elementor-widget-spacer\" data-id=\"53aab40\" data-element_type=\"widget\" data-widget_type=\"spacer.default\">\n\t\t\t\t<div class=\"elementor-widget-container\">\n\t\t\t\t\t<div class=\"elementor-spacer\">\n\t\t\t<div class=\"elementor-spacer-inner\"><\/div>\n\t\t<\/div>\n\t\t\t\t<\/div>\n\t\t\t\t<\/div>\n\t\t\t\t\t<\/div>\n\t\t\t\t<\/div>\n\t\t\t\t<\/div>","protected":false},"excerpt":{"rendered":"<p>AOI Solutions GmbH, a Germany-based distributor for industrial automation, was founded in 2015. AOI, Made in Germany. We assist our customers in sourcing products, goods, and transportation for international projects. Automated assembly line: process planning, equipment planning, solution design, and implementation. We specialize in the distribution of a wide range of industrial automation products, including [&hellip;]<\/p>","protected":false},"author":1,"featured_media":69,"parent":0,"menu_order":0,"comment_status":"closed","ping_status":"closed","template":"","meta":{"footnotes":""},"class_list":["post-32","page","type-page","status-publish","has-post-thumbnail","hentry"],"yoast_head":"<!-- This site is optimized with the Yoast SEO Premium plugin v23.7 (Yoast SEO v23.7) - https:\/\/yoast.com\/wordpress\/plugins\/seo\/ -->\n<title>About US | aoisensors.com<\/title>\n<meta name=\"robots\" content=\"index, follow, max-snippet:-1, max-image-preview:large, max-video-preview:-1\" \/>\n<link rel=\"canonical\" href=\"https:\/\/www.aoisensors.com\/de\/about\/\" \/>\n<meta property=\"og:locale\" content=\"de_DE\" \/>\n<meta property=\"og:type\" content=\"article\" \/>\n<meta property=\"og:title\" content=\"About US\" \/>\n<meta property=\"og:description\" content=\"AOI Solutions GmbH, a Germany-based distributor for industrial automation, was founded in 2015. AOI, Made in Germany. We assist our customers in sourcing products, goods, and transportation for international projects. Automated assembly line: process planning, equipment planning, solution design, and implementation. We specialize in the distribution of a wide range of industrial automation products, including [&hellip;]\" \/>\n<meta property=\"og:url\" content=\"https:\/\/www.aoisensors.com\/de\/about\/\" \/>\n<meta property=\"og:site_name\" content=\"AOI Sensors\" \/>\n<meta property=\"article:modified_time\" content=\"2024-11-06T08:01:07+00:00\" \/>\n<meta property=\"og:image\" content=\"https:\/\/www.aoisensors.com\/wp-content\/uploads\/2024\/10\/energy.jpg\" \/>\n\t<meta property=\"og:image:width\" content=\"1600\" \/>\n\t<meta property=\"og:image:height\" content=\"600\" \/>\n\t<meta property=\"og:image:type\" content=\"image\/jpeg\" \/>\n<meta name=\"twitter:card\" content=\"summary_large_image\" \/>\n<script type=\"application\/ld+json\" class=\"yoast-schema-graph\">{\"@context\":\"https:\/\/schema.org\",\"@graph\":[{\"@type\":\"WebPage\",\"@id\":\"https:\/\/www.aoisensors.com\/about\/\",\"url\":\"https:\/\/www.aoisensors.com\/about\/\",\"name\":\"About US | aoisensors.com\",\"isPartOf\":{\"@id\":\"https:\/\/www.aoisensors.com\/#website\"},\"primaryImageOfPage\":{\"@id\":\"https:\/\/www.aoisensors.com\/about\/#primaryimage\"},\"image\":{\"@id\":\"https:\/\/www.aoisensors.com\/about\/#primaryimage\"},\"thumbnailUrl\":\"https:\/\/www.aoisensors.com\/wp-content\/uploads\/2024\/10\/energy.jpg\",\"datePublished\":\"2024-10-31T01:22:45+00:00\",\"dateModified\":\"2024-11-06T08:01:07+00:00\",\"breadcrumb\":{\"@id\":\"https:\/\/www.aoisensors.com\/about\/#breadcrumb\"},\"inLanguage\":\"de\",\"potentialAction\":[{\"@type\":\"ReadAction\",\"target\":[\"https:\/\/www.aoisensors.com\/about\/\"]}]},{\"@type\":\"ImageObject\",\"inLanguage\":\"de\",\"@id\":\"https:\/\/www.aoisensors.com\/about\/#primaryimage\",\"url\":\"https:\/\/www.aoisensors.com\/wp-content\/uploads\/2024\/10\/energy.jpg\",\"contentUrl\":\"https:\/\/www.aoisensors.com\/wp-content\/uploads\/2024\/10\/energy.jpg\",\"width\":1600,\"height\":600},{\"@type\":\"BreadcrumbList\",\"@id\":\"https:\/\/www.aoisensors.com\/about\/#breadcrumb\",\"itemListElement\":[{\"@type\":\"ListItem\",\"position\":1,\"name\":\"\u9996\u9875\",\"item\":\"https:\/\/www.aoisensors.com\/\"},{\"@type\":\"ListItem\",\"position\":2,\"name\":\"About US\"}]},{\"@type\":\"WebSite\",\"@id\":\"https:\/\/www.aoisensors.com\/#website\",\"url\":\"https:\/\/www.aoisensors.com\/\",\"name\":\"AOI Sensors\",\"description\":\"\",\"publisher\":{\"@id\":\"https:\/\/www.aoisensors.com\/#organization\"},\"potentialAction\":[{\"@type\":\"SearchAction\",\"target\":{\"@type\":\"EntryPoint\",\"urlTemplate\":\"https:\/\/www.aoisensors.com\/?s={search_term_string}\"},\"query-input\":{\"@type\":\"PropertyValueSpecification\",\"valueRequired\":true,\"valueName\":\"search_term_string\"}}],\"inLanguage\":\"de\"},{\"@type\":\"Organization\",\"@id\":\"https:\/\/www.aoisensors.com\/#organization\",\"name\":\"AOI Sensors\",\"url\":\"https:\/\/www.aoisensors.com\/\",\"logo\":{\"@type\":\"ImageObject\",\"inLanguage\":\"de\",\"@id\":\"https:\/\/www.aoisensors.com\/#\/schema\/logo\/image\/\",\"url\":\"https:\/\/www.aoisensors.com\/wp-content\/uploads\/2024\/10\/AOI-Solution-logo.png\",\"contentUrl\":\"https:\/\/www.aoisensors.com\/wp-content\/uploads\/2024\/10\/AOI-Solution-logo.png\",\"width\":327,\"height\":121,\"caption\":\"AOI Sensors\"},\"image\":{\"@id\":\"https:\/\/www.aoisensors.com\/#\/schema\/logo\/image\/\"}}]}<\/script>\n<!-- \/ Yoast SEO Premium plugin. -->","yoast_head_json":{"title":"About US | aoisensors.com","robots":{"index":"index","follow":"follow","max-snippet":"max-snippet:-1","max-image-preview":"max-image-preview:large","max-video-preview":"max-video-preview:-1"},"canonical":"https:\/\/www.aoisensors.com\/de\/about\/","og_locale":"de_DE","og_type":"article","og_title":"About US","og_description":"AOI Solutions GmbH, a Germany-based distributor for industrial automation, was founded in 2015. AOI, Made in Germany. We assist our customers in sourcing products, goods, and transportation for international projects. Automated assembly line: process planning, equipment planning, solution design, and implementation. We specialize in the distribution of a wide range of industrial automation products, including [&hellip;]","og_url":"https:\/\/www.aoisensors.com\/de\/about\/","og_site_name":"AOI Sensors","article_modified_time":"2024-11-06T08:01:07+00:00","og_image":[{"width":1600,"height":600,"url":"https:\/\/www.aoisensors.com\/wp-content\/uploads\/2024\/10\/energy.jpg","type":"image\/jpeg"}],"twitter_card":"summary_large_image","schema":{"@context":"https:\/\/schema.org","@graph":[{"@type":"WebPage","@id":"https:\/\/www.aoisensors.com\/about\/","url":"https:\/\/www.aoisensors.com\/about\/","name":"About US | aoisensors.com","isPartOf":{"@id":"https:\/\/www.aoisensors.com\/#website"},"primaryImageOfPage":{"@id":"https:\/\/www.aoisensors.com\/about\/#primaryimage"},"image":{"@id":"https:\/\/www.aoisensors.com\/about\/#primaryimage"},"thumbnailUrl":"https:\/\/www.aoisensors.com\/wp-content\/uploads\/2024\/10\/energy.jpg","datePublished":"2024-10-31T01:22:45+00:00","dateModified":"2024-11-06T08:01:07+00:00","breadcrumb":{"@id":"https:\/\/www.aoisensors.com\/about\/#breadcrumb"},"inLanguage":"de","potentialAction":[{"@type":"ReadAction","target":["https:\/\/www.aoisensors.com\/about\/"]}]},{"@type":"ImageObject","inLanguage":"de","@id":"https:\/\/www.aoisensors.com\/about\/#primaryimage","url":"https:\/\/www.aoisensors.com\/wp-content\/uploads\/2024\/10\/energy.jpg","contentUrl":"https:\/\/www.aoisensors.com\/wp-content\/uploads\/2024\/10\/energy.jpg","width":1600,"height":600},{"@type":"BreadcrumbList","@id":"https:\/\/www.aoisensors.com\/about\/#breadcrumb","itemListElement":[{"@type":"ListItem","position":1,"name":"\u9996\u9875","item":"https:\/\/www.aoisensors.com\/"},{"@type":"ListItem","position":2,"name":"About US"}]},{"@type":"WebSite","@id":"https:\/\/www.aoisensors.com\/#website","url":"https:\/\/www.aoisensors.com\/","name":"AOI Sensors","description":"","publisher":{"@id":"https:\/\/www.aoisensors.com\/#organization"},"potentialAction":[{"@type":"SearchAction","target":{"@type":"EntryPoint","urlTemplate":"https:\/\/www.aoisensors.com\/?s={search_term_string}"},"query-input":{"@type":"PropertyValueSpecification","valueRequired":true,"valueName":"search_term_string"}}],"inLanguage":"de"},{"@type":"Organization","@id":"https:\/\/www.aoisensors.com\/#organization","name":"AOI Sensors","url":"https:\/\/www.aoisensors.com\/","logo":{"@type":"ImageObject","inLanguage":"de","@id":"https:\/\/www.aoisensors.com\/#\/schema\/logo\/image\/","url":"https:\/\/www.aoisensors.com\/wp-content\/uploads\/2024\/10\/AOI-Solution-logo.png","contentUrl":"https:\/\/www.aoisensors.com\/wp-content\/uploads\/2024\/10\/AOI-Solution-logo.png","width":327,"height":121,"caption":"AOI Sensors"},"image":{"@id":"https:\/\/www.aoisensors.com\/#\/schema\/logo\/image\/"}}]}},"_links":{"self":[{"href":"https:\/\/www.aoisensors.com\/de\/wp-json\/wp\/v2\/pages\/32","targetHints":{"allow":["GET"]}}],"collection":[{"href":"https:\/\/www.aoisensors.com\/de\/wp-json\/wp\/v2\/pages"}],"about":[{"href":"https:\/\/www.aoisensors.com\/de\/wp-json\/wp\/v2\/types\/page"}],"author":[{"embeddable":true,"href":"https:\/\/www.aoisensors.com\/de\/wp-json\/wp\/v2\/users\/1"}],"replies":[{"embeddable":true,"href":"https:\/\/www.aoisensors.com\/de\/wp-json\/wp\/v2\/comments?post=32"}],"version-history":[{"count":28,"href":"https:\/\/www.aoisensors.com\/de\/wp-json\/wp\/v2\/pages\/32\/revisions"}],"predecessor-version":[{"id":814,"href":"https:\/\/www.aoisensors.com\/de\/wp-json\/wp\/v2\/pages\/32\/revisions\/814"}],"wp:featuredmedia":[{"embeddable":true,"href":"https:\/\/www.aoisensors.com\/de\/wp-json\/wp\/v2\/media\/69"}],"wp:attachment":[{"href":"https:\/\/www.aoisensors.com\/de\/wp-json\/wp\/v2\/media?parent=32"}],"curies":[{"name":"wp","href":"https:\/\/api.w.org\/{rel}","templated":true}]}}