{"id":182,"date":"2024-11-01T07:44:04","date_gmt":"2024-11-01T06:44:04","guid":{"rendered":"https:\/\/www.aoisensors.com\/?page_id=182"},"modified":"2024-11-15T07:38:05","modified_gmt":"2024-11-15T06:38:05","slug":"agb","status":"publish","type":"page","link":"https:\/\/www.aoisensors.com\/de\/agb\/","title":{"rendered":"AGB"},"content":{"rendered":"<div data-elementor-type=\"wp-page\" data-elementor-id=\"182\" class=\"elementor elementor-182\" data-elementor-post-type=\"page\">\n\t\t\t\t<div class=\"elementor-element elementor-element-389ee3e e-flex e-con-boxed e-con e-parent\" data-id=\"389ee3e\" data-element_type=\"container\">\n\t\t\t\t\t<div class=\"e-con-inner\">\n\t\t\t\t<div class=\"elementor-element elementor-element-ca36aae elementor-widget elementor-widget-spacer\" data-id=\"ca36aae\" data-element_type=\"widget\" data-widget_type=\"spacer.default\">\n\t\t\t\t<div class=\"elementor-widget-container\">\n\t\t\t\t\t<div class=\"elementor-spacer\">\n\t\t\t<div class=\"elementor-spacer-inner\"><\/div>\n\t\t<\/div>\n\t\t\t\t<\/div>\n\t\t\t\t<\/div>\n\t\t\t\t<div class=\"elementor-element elementor-element-bc77c3c elementor-widget elementor-widget-text-editor\" data-id=\"bc77c3c\" data-element_type=\"widget\" data-widget_type=\"text-editor.default\">\n\t\t\t\t<div class=\"elementor-widget-container\">\n\t\t\t\t\t\t\t<p>AOI Solutions GmbH<br \/>Archenholzstra\u00dfe 78<br \/>22117 Hamburg<br \/>Deutschland<\/p><p>www.aoisensors.com<\/p><p>info@aoi-solutions.com<\/p><p>Gesch\u00e4ftsf\u00fchrer: Yongfeng He<\/p><p>Umsatzsteuer-Identifikationsnummer: DE 298 769 153<\/p><p>INHALTLICH VERANTWORTLICH GEM\u00c4SS \u00a7 6 ABS.2 MDSTV:<br \/>AOI Solutions GmbH<\/p><p>Archenholzstra\u00dfe 78<br \/>22117 Hamburg<br \/>Deutschland<\/p><p>NUTZUNGSBEDINGUNGEN:<br \/>AOI Solutions GmbH ist ausschlie\u00dflich f\u00fcr Inhalte verantwortlich, die selbst erstellt, ver\u00f6ffentlicht und verbreitet werden. Die Nutzungsbedingungen gelten f\u00fcr die Webseite www.aoisensors.com<\/p><p>Die Informationen, die die AOI Solutions GmbH Ihnen auf dieser Website zur Verf\u00fcgung stellt, wurden mit gr\u00f6\u00dftm\u00f6glicher Sorgfalt zusammengestellt und werden laufend aktualisiert. Trotz sorgf\u00e4ltigster Kontrolle kann die Fehlerfreiheit nicht garantiert werden. AOI Solutions GmbH schlie\u00dft daher jede Haftung oder Garantie hinsichtlich der Genauigkeit, Vollst\u00e4ndigkeit und Aktualit\u00e4t der auf dieser Website bereitgestellten Informationen aus. Dies gilt insbesondere auch f\u00fcr Websites, auf die mittels Hyperlink verwiesen wird. Es handelt sich dabei um fremde Websites, auf deren Inhalt wir keinen Einfluss haben. AOI Solutions GmbH schlie\u00dft daher eine Haftung f\u00fcr den Inhalt derartiger Seiten ausdr\u00fccklich aus. AOI Solutions GmbH ist auch nicht verantwortlich f\u00fcr die Datenschutzvorkehrungen der Betreiber derartiger Websites. AOI Solutions GmbH beh\u00e4lt sich das Recht vor, jederzeit ohne Ank\u00fcndigung \u00c4nderungen oder Erg\u00e4nzungen der bereitgestellten Informationen oder Daten vorzunehmen. Soweit unsere Internetseiten in die Zukunft gerichtete Aussagen enthalten, bauen diese Aussagen auf \u00dcberzeugungen und Einsch\u00e4tzungen des Managements der AOI Solutions GmbH auf und unterliegen damit Risiken und Unsicherheiten. Die AOI Solutions GmbH ist nicht verpflichtet, solche in die Zukunft gerichteten Aussagen zu aktualisieren. Eine Haftung f\u00fcr solche Aussagen wird ausdr\u00fccklich ausgeschlossen.<\/p><p>AOI Solutions GmbH haftet nicht f\u00fcr St\u00f6rungen der Qualit\u00e4t des Zugangs aufgrund h\u00f6herer Gewalt oder aufgrund von Ereignissen, die AOI Solutions GmbH. nicht zu vertreten hat, insbesondere den Ausfall von Kommunikationsnetzen und Gateways. AOI Solutions GmbH \u00fcbernimmt keine Gew\u00e4hr daf\u00fcr, dass die Internetseite unterbrechungs- und fehlerfrei funktioniert und dass etwaige Fehler korrigiert werden. F\u00fcr die Nutzung der AOI Solutions GmbH Webseiten gelten im \u00dcbrigen die folgenden Bedingungen:<\/p><p>URHEBERRECHTE<br \/>Die durch die Seitenbetreiber erstellten Inhalte und Werke auf diesen Seiten unterliegen dem deutschen Urheberrecht. Die Vervielf\u00e4ltigung, Bearbeitung, Verbreitung und jede Art der Verwertung au\u00dferhalb der Grenzen des Urheberrechtes bed\u00fcrfen der schriftlichen Zustimmung des jeweiligen Autors bzw. Erstellers. Downloads und Kopien dieser Seite sind nur f\u00fcr den privaten, nicht kommerziellen Gebrauch gestattet. Soweit die Inhalte auf dieser Seite nicht vom Betreiber erstellt wurden, werden die Urheberrechte Dritter beachtet. Insbesondere werden Inhalte Dritter als solche gekennzeichnet. Sollten Sie trotzdem auf eine Urheberrechtsverletzung aufmerksam werden, bitten wir um einen entsprechenden Hinweis. Bei Bekanntwerden von Rechtsverletzungen werden wir derartige Inhalte umgehend entfernen.<\/p><p>REFERRALS AND LINKS<br \/>Die \u00fcber die Webseite der AOI Solutions GmbH angebotenen Inhalte sind urheberrechtlich gesch\u00fctzt. Ihre Nutzung unterliegt den geltenden Urheberrechten. Diese Webseite darf ohne Zustimmung der AOI Solutions GmbH nicht ver\u00e4ndert, kopiert, wiederver\u00f6ffentlicht, \u00fcbertragen, verbreitet oder gespeichert werden. Das Material darf ausschlie\u00dflich zu privaten, nichtkommerziellen Zwecken unter strikter Ber\u00fccksichtigung von Urheberrechten benutzt werden.<\/p><p>SETZEN VON LINKS AUF DIE WEBSEITEN der AOI Solutions GmbH.<\/p><p>Ein Link auf die Webseiten der AOI Solutions GmbH darf nur dann gesetzt werden, wenn dadurch keine Rechte der AOI Solutions GmbH verletzt werden, insbesondere Urheber-, Leistungsschutz- oder Kennzeichenrechte. Insbesondere ist es unzul\u00e4ssig, die zu www.aoisensors.com geh\u00f6renden Webseiten oder deren Inhalte mittels Hyperlink in einem Teilfenster (Frame) einzubinden oder darzustellen.<\/p><p>DATENSCHUTZ<br \/>Alle innerhalb dieses Online-Angebotes empfangenen und verarbeiteten Daten werden vertraulich behandelt und nicht an Dritte weitergegeben. Die Daten werden nur zur Bearbeitung Ihrer Anfragen genutzt. Wir halten fest, aus welchen Dom\u00e4nen unsere Webbesucher kommen. Wir werten diese Daten auch aus, um Trends zu erkennen und Statistiken aufzustellen. Danach werden die Daten wieder gel\u00f6scht. Diese Site verwendet JavaScript und teilweise \u201eCookies\u201c.<\/p><p>\u00c4NDERUNG DER NUTZUNGSBEDINGUNGEN<br \/>AOI Solutions GmbH beh\u00e4lt sich das Recht vor, die Nutzungsbedingungen jederzeit abzu\u00e4ndern. Ein ausdr\u00fccklicher Hinweis auf die \u00c4nderung der Nutzungsbedingungen erfolgt nicht. Die Nutzungsbedingungen sind selbstst\u00e4ndig periodisch auf Ver\u00e4nderungen zu \u00fcberpr\u00fcfen.<\/p>\t\t\t\t\t\t<\/div>\n\t\t\t\t<\/div>\n\t\t\t\t<div class=\"elementor-element elementor-element-6718fbe elementor-widget elementor-widget-spacer\" data-id=\"6718fbe\" data-element_type=\"widget\" data-widget_type=\"spacer.default\">\n\t\t\t\t<div class=\"elementor-widget-container\">\n\t\t\t\t\t<div class=\"elementor-spacer\">\n\t\t\t<div class=\"elementor-spacer-inner\"><\/div>\n\t\t<\/div>\n\t\t\t\t<\/div>\n\t\t\t\t<\/div>\n\t\t\t\t\t<\/div>\n\t\t\t\t<\/div>\n\t\t\t\t<\/div>","protected":false},"excerpt":{"rendered":"<p>AOI Solutions GmbHArchenholzstra\u00dfe 7822117 HamburgDeutschland www.aoisensors.com info@aoi-solutions.com Gesch\u00e4ftsf\u00fchrer: Yongfeng He Umsatzsteuer-Identifikationsnummer: DE 298 769 153 INHALTLICH VERANTWORTLICH GEM\u00c4SS \u00a7 6 ABS.2 MDSTV:AOI Solutions GmbH Archenholzstra\u00dfe 7822117 HamburgDeutschland NUTZUNGSBEDINGUNGEN:AOI Solutions GmbH ist ausschlie\u00dflich f\u00fcr Inhalte verantwortlich, die selbst erstellt, ver\u00f6ffentlicht und verbreitet werden. Die Nutzungsbedingungen gelten f\u00fcr die Webseite www.aoisensors.com Die Informationen, die die AOI Solutions [&hellip;]<\/p>","protected":false},"author":1,"featured_media":0,"parent":0,"menu_order":0,"comment_status":"closed","ping_status":"closed","template":"","meta":{"footnotes":""},"class_list":["post-182","page","type-page","status-publish","hentry"],"yoast_head":"<!-- This site is optimized with the Yoast SEO Premium plugin v23.7 (Yoast SEO v23.7) - https:\/\/yoast.com\/wordpress\/plugins\/seo\/ -->\n<title>AGB | aoisensors.com<\/title>\n<meta name=\"robots\" content=\"index, follow, max-snippet:-1, max-image-preview:large, max-video-preview:-1\" \/>\n<link rel=\"canonical\" href=\"https:\/\/www.aoisensors.com\/de\/agb\/\" \/>\n<meta property=\"og:locale\" content=\"de_DE\" \/>\n<meta property=\"og:type\" content=\"article\" \/>\n<meta property=\"og:title\" content=\"AGB\" \/>\n<meta property=\"og:description\" content=\"AOI Solutions GmbHArchenholzstra\u00dfe 7822117 HamburgDeutschland www.aoisensors.com info@aoi-solutions.com Gesch\u00e4ftsf\u00fchrer: Yongfeng He Umsatzsteuer-Identifikationsnummer: DE 298 769 153 INHALTLICH VERANTWORTLICH GEM\u00c4SS \u00a7 6 ABS.2 MDSTV:AOI Solutions GmbH Archenholzstra\u00dfe 7822117 HamburgDeutschland NUTZUNGSBEDINGUNGEN:AOI Solutions GmbH ist ausschlie\u00dflich f\u00fcr Inhalte verantwortlich, die selbst erstellt, ver\u00f6ffentlicht und verbreitet werden. Die Nutzungsbedingungen gelten f\u00fcr die Webseite www.aoisensors.com Die Informationen, die die AOI Solutions [&hellip;]\" \/>\n<meta property=\"og:url\" content=\"https:\/\/www.aoisensors.com\/de\/agb\/\" \/>\n<meta property=\"og:site_name\" content=\"AOI Sensors\" \/>\n<meta property=\"article:modified_time\" content=\"2024-11-15T06:38:05+00:00\" \/>\n<meta name=\"twitter:card\" content=\"summary_large_image\" \/>\n<meta name=\"twitter:label1\" content=\"Gesch\u00e4tzte Lesezeit\" \/>\n\t<meta name=\"twitter:data1\" content=\"4\u00a0Minuten\" \/>\n<script type=\"application\/ld+json\" class=\"yoast-schema-graph\">{\"@context\":\"https:\/\/schema.org\",\"@graph\":[{\"@type\":\"WebPage\",\"@id\":\"https:\/\/www.aoisensors.com\/agb\/\",\"url\":\"https:\/\/www.aoisensors.com\/agb\/\",\"name\":\"AGB | aoisensors.com\",\"isPartOf\":{\"@id\":\"https:\/\/www.aoisensors.com\/#website\"},\"datePublished\":\"2024-11-01T06:44:04+00:00\",\"dateModified\":\"2024-11-15T06:38:05+00:00\",\"breadcrumb\":{\"@id\":\"https:\/\/www.aoisensors.com\/agb\/#breadcrumb\"},\"inLanguage\":\"de\",\"potentialAction\":[{\"@type\":\"ReadAction\",\"target\":[\"https:\/\/www.aoisensors.com\/agb\/\"]}]},{\"@type\":\"BreadcrumbList\",\"@id\":\"https:\/\/www.aoisensors.com\/agb\/#breadcrumb\",\"itemListElement\":[{\"@type\":\"ListItem\",\"position\":1,\"name\":\"\u9996\u9875\",\"item\":\"https:\/\/www.aoisensors.com\/\"},{\"@type\":\"ListItem\",\"position\":2,\"name\":\"AGB\"}]},{\"@type\":\"WebSite\",\"@id\":\"https:\/\/www.aoisensors.com\/#website\",\"url\":\"https:\/\/www.aoisensors.com\/\",\"name\":\"AOI Sensors\",\"description\":\"\",\"publisher\":{\"@id\":\"https:\/\/www.aoisensors.com\/#organization\"},\"potentialAction\":[{\"@type\":\"SearchAction\",\"target\":{\"@type\":\"EntryPoint\",\"urlTemplate\":\"https:\/\/www.aoisensors.com\/?s={search_term_string}\"},\"query-input\":{\"@type\":\"PropertyValueSpecification\",\"valueRequired\":true,\"valueName\":\"search_term_string\"}}],\"inLanguage\":\"de\"},{\"@type\":\"Organization\",\"@id\":\"https:\/\/www.aoisensors.com\/#organization\",\"name\":\"AOI Sensors\",\"url\":\"https:\/\/www.aoisensors.com\/\",\"logo\":{\"@type\":\"ImageObject\",\"inLanguage\":\"de\",\"@id\":\"https:\/\/www.aoisensors.com\/#\/schema\/logo\/image\/\",\"url\":\"https:\/\/www.aoisensors.com\/wp-content\/uploads\/2024\/10\/AOI-Solution-logo.png\",\"contentUrl\":\"https:\/\/www.aoisensors.com\/wp-content\/uploads\/2024\/10\/AOI-Solution-logo.png\",\"width\":327,\"height\":121,\"caption\":\"AOI Sensors\"},\"image\":{\"@id\":\"https:\/\/www.aoisensors.com\/#\/schema\/logo\/image\/\"}}]}<\/script>\n<!-- \/ Yoast SEO Premium plugin. -->","yoast_head_json":{"title":"AGB | aoisensors.com","robots":{"index":"index","follow":"follow","max-snippet":"max-snippet:-1","max-image-preview":"max-image-preview:large","max-video-preview":"max-video-preview:-1"},"canonical":"https:\/\/www.aoisensors.com\/de\/agb\/","og_locale":"de_DE","og_type":"article","og_title":"AGB","og_description":"AOI Solutions GmbHArchenholzstra\u00dfe 7822117 HamburgDeutschland www.aoisensors.com info@aoi-solutions.com Gesch\u00e4ftsf\u00fchrer: Yongfeng He Umsatzsteuer-Identifikationsnummer: DE 298 769 153 INHALTLICH VERANTWORTLICH GEM\u00c4SS \u00a7 6 ABS.2 MDSTV:AOI Solutions GmbH Archenholzstra\u00dfe 7822117 HamburgDeutschland NUTZUNGSBEDINGUNGEN:AOI Solutions GmbH ist ausschlie\u00dflich f\u00fcr Inhalte verantwortlich, die selbst erstellt, ver\u00f6ffentlicht und verbreitet werden. Die Nutzungsbedingungen gelten f\u00fcr die Webseite www.aoisensors.com Die Informationen, die die AOI Solutions [&hellip;]","og_url":"https:\/\/www.aoisensors.com\/de\/agb\/","og_site_name":"AOI Sensors","article_modified_time":"2024-11-15T06:38:05+00:00","twitter_card":"summary_large_image","twitter_misc":{"Gesch\u00e4tzte Lesezeit":"4\u00a0Minuten"},"schema":{"@context":"https:\/\/schema.org","@graph":[{"@type":"WebPage","@id":"https:\/\/www.aoisensors.com\/agb\/","url":"https:\/\/www.aoisensors.com\/agb\/","name":"AGB | aoisensors.com","isPartOf":{"@id":"https:\/\/www.aoisensors.com\/#website"},"datePublished":"2024-11-01T06:44:04+00:00","dateModified":"2024-11-15T06:38:05+00:00","breadcrumb":{"@id":"https:\/\/www.aoisensors.com\/agb\/#breadcrumb"},"inLanguage":"de","potentialAction":[{"@type":"ReadAction","target":["https:\/\/www.aoisensors.com\/agb\/"]}]},{"@type":"BreadcrumbList","@id":"https:\/\/www.aoisensors.com\/agb\/#breadcrumb","itemListElement":[{"@type":"ListItem","position":1,"name":"\u9996\u9875","item":"https:\/\/www.aoisensors.com\/"},{"@type":"ListItem","position":2,"name":"AGB"}]},{"@type":"WebSite","@id":"https:\/\/www.aoisensors.com\/#website","url":"https:\/\/www.aoisensors.com\/","name":"AOI Sensors","description":"","publisher":{"@id":"https:\/\/www.aoisensors.com\/#organization"},"potentialAction":[{"@type":"SearchAction","target":{"@type":"EntryPoint","urlTemplate":"https:\/\/www.aoisensors.com\/?s={search_term_string}"},"query-input":{"@type":"PropertyValueSpecification","valueRequired":true,"valueName":"search_term_string"}}],"inLanguage":"de"},{"@type":"Organization","@id":"https:\/\/www.aoisensors.com\/#organization","name":"AOI Sensors","url":"https:\/\/www.aoisensors.com\/","logo":{"@type":"ImageObject","inLanguage":"de","@id":"https:\/\/www.aoisensors.com\/#\/schema\/logo\/image\/","url":"https:\/\/www.aoisensors.com\/wp-content\/uploads\/2024\/10\/AOI-Solution-logo.png","contentUrl":"https:\/\/www.aoisensors.com\/wp-content\/uploads\/2024\/10\/AOI-Solution-logo.png","width":327,"height":121,"caption":"AOI Sensors"},"image":{"@id":"https:\/\/www.aoisensors.com\/#\/schema\/logo\/image\/"}}]}},"_links":{"self":[{"href":"https:\/\/www.aoisensors.com\/de\/wp-json\/wp\/v2\/pages\/182","targetHints":{"allow":["GET"]}}],"collection":[{"href":"https:\/\/www.aoisensors.com\/de\/wp-json\/wp\/v2\/pages"}],"about":[{"href":"https:\/\/www.aoisensors.com\/de\/wp-json\/wp\/v2\/types\/page"}],"author":[{"embeddable":true,"href":"https:\/\/www.aoisensors.com\/de\/wp-json\/wp\/v2\/users\/1"}],"replies":[{"embeddable":true,"href":"https:\/\/www.aoisensors.com\/de\/wp-json\/wp\/v2\/comments?post=182"}],"version-history":[{"count":11,"href":"https:\/\/www.aoisensors.com\/de\/wp-json\/wp\/v2\/pages\/182\/revisions"}],"predecessor-version":[{"id":1733,"href":"https:\/\/www.aoisensors.com\/de\/wp-json\/wp\/v2\/pages\/182\/revisions\/1733"}],"wp:attachment":[{"href":"https:\/\/www.aoisensors.com\/de\/wp-json\/wp\/v2\/media?parent=182"}],"curies":[{"name":"wp","href":"https:\/\/api.w.org\/{rel}","templated":true}]}}