{"id":1170,"date":"2024-11-11T02:31:02","date_gmt":"2024-11-11T01:31:02","guid":{"rendered":"https:\/\/www.aoisensors.com\/?page_id=1170"},"modified":"2024-11-13T07:53:55","modified_gmt":"2024-11-13T06:53:55","slug":"inductive-sensors-capacitive-sensors","status":"publish","type":"page","link":"https:\/\/www.aoisensors.com\/de\/inductive-sensors-capacitive-sensors\/","title":{"rendered":"Induktive &amp; Kapazitive Sensoren"},"content":{"rendered":"<div data-elementor-type=\"wp-page\" data-elementor-id=\"1170\" class=\"elementor elementor-1170\" data-elementor-post-type=\"page\">\n\t\t\t\t<div class=\"elementor-element elementor-element-4584336 e-con-full e-flex e-con e-parent\" data-id=\"4584336\" data-element_type=\"container\">\n\t\t\t\t<div class=\"elementor-element elementor-element-b0c1b81 elementor-widget elementor-widget-spacer\" data-id=\"b0c1b81\" data-element_type=\"widget\" data-widget_type=\"spacer.default\">\n\t\t\t\t<div class=\"elementor-widget-container\">\n\t\t\t\t\t<div class=\"elementor-spacer\">\n\t\t\t<div class=\"elementor-spacer-inner\"><\/div>\n\t\t<\/div>\n\t\t\t\t<\/div>\n\t\t\t\t<\/div>\n\t\t\t\t<div class=\"elementor-element elementor-element-3a24b7b elementor--h-position-left elementor-widget__width-inherit elementor--v-position-middle elementor-arrows-position-inside elementor-pagination-position-inside elementor-widget elementor-widget-slides\" data-id=\"3a24b7b\" data-element_type=\"widget\" data-settings=\"{&quot;navigation&quot;:&quot;both&quot;,&quot;autoplay&quot;:&quot;yes&quot;,&quot;pause_on_hover&quot;:&quot;yes&quot;,&quot;pause_on_interaction&quot;:&quot;yes&quot;,&quot;autoplay_speed&quot;:5000,&quot;infinite&quot;:&quot;yes&quot;,&quot;transition&quot;:&quot;slide&quot;,&quot;transition_speed&quot;:500}\" data-widget_type=\"slides.default\">\n\t\t\t\t<div class=\"elementor-widget-container\">\n\t\t\t\t\t<div class=\"elementor-swiper\">\n\t\t\t<div class=\"elementor-slides-wrapper elementor-main-swiper swiper\" dir=\"ltr\" data-animation=\"fadeInUp\">\n\t\t\t\t<div class=\"swiper-wrapper elementor-slides\">\n\t\t\t\t\t\t\t\t\t\t<div class=\"elementor-repeater-item-30af2a9 swiper-slide\"><div class=\"swiper-slide-bg\" role=\"img\"><\/div><div class=\"swiper-slide-inner\" ><div class=\"swiper-slide-contents\"><div class=\"elementor-slide-heading\">Induktive &amp; Kapazitive Sensoren<\/div><\/div><\/div><\/div>\t\t\t\t<\/div>\n\t\t\t\t\t\t\t<\/div>\n\t\t<\/div>\n\t\t\t\t<\/div>\n\t\t\t\t<\/div>\n\t\t\t\t<div class=\"elementor-element elementor-element-fe246dc elementor-widget elementor-widget-spacer\" data-id=\"fe246dc\" data-element_type=\"widget\" data-widget_type=\"spacer.default\">\n\t\t\t\t<div class=\"elementor-widget-container\">\n\t\t\t\t\t<div class=\"elementor-spacer\">\n\t\t\t<div class=\"elementor-spacer-inner\"><\/div>\n\t\t<\/div>\n\t\t\t\t<\/div>\n\t\t\t\t<\/div>\n\t\t\t\t<\/div>\n\t\t<div class=\"elementor-element elementor-element-8424795 e-flex e-con-boxed e-con e-parent\" data-id=\"8424795\" data-element_type=\"container\">\n\t\t\t\t\t<div class=\"e-con-inner\">\n\t\t<div class=\"elementor-element elementor-element-78e3430 e-con-full products_group e-flex e-con e-child\" data-id=\"78e3430\" data-element_type=\"container\">\n\t\t\t\t<div class=\"elementor-element elementor-element-b078391 elementor-widget elementor-widget-image\" data-id=\"b078391\" data-element_type=\"widget\" data-widget_type=\"image.default\">\n\t\t\t\t<div class=\"elementor-widget-container\">\n\t\t\t\t\t\t\t\t\t\t\t\t\t<img fetchpriority=\"high\" decoding=\"async\" width=\"768\" height=\"672\" src=\"https:\/\/www.aoisensors.com\/wp-content\/uploads\/2024\/11\/InductivesCapacitives_1_0-768x672.jpg\" class=\"attachment-medium_large size-medium_large wp-image-1173\" alt=\"\" srcset=\"https:\/\/www.aoisensors.com\/wp-content\/uploads\/2024\/11\/InductivesCapacitives_1_0-768x672.jpg 768w, https:\/\/www.aoisensors.com\/wp-content\/uploads\/2024\/11\/InductivesCapacitives_1_0-1536x1343.jpg 1536w, https:\/\/www.aoisensors.com\/wp-content\/uploads\/2024\/11\/InductivesCapacitives_1_0-14x12.jpg 14w, https:\/\/www.aoisensors.com\/wp-content\/uploads\/2024\/11\/InductivesCapacitives_1_0.jpg 1667w\" sizes=\"(max-width: 768px) 100vw, 768px\" \/>\t\t\t\t\t\t\t\t\t\t\t\t\t<\/div>\n\t\t\t\t<\/div>\n\t\t\t\t<\/div>\n\t\t<div class=\"elementor-element elementor-element-0f9e2be e-con-full e-flex e-con e-child\" data-id=\"0f9e2be\" data-element_type=\"container\">\n\t\t\t\t<div class=\"elementor-element elementor-element-43516e5 elementor-widget elementor-widget-text-editor\" data-id=\"43516e5\" data-element_type=\"widget\" data-widget_type=\"text-editor.default\">\n\t\t\t\t<div class=\"elementor-widget-container\">\n\t\t\t\t\t\t\t<p>Unsere induktiven N\u00e4herungssensoren von Telemecanique Sensors (fr\u00fcher bekannt als OsiSense XS) sind ausschlie\u00dflich f\u00fcr die Erkennung von Metallobjekten bis zu 60 mm ausgelegt. Sie bestehen haupts\u00e4chlich aus einem Oszillator, dessen Wicklungen die Sensorfl\u00e4che bilden. Vor diesen Wicklungen wird ein wechselndes Magnetfeld erzeugt.<\/p><p>Unsere kapazitiven Sensoren von Telemecanique Sensors (fr\u00fcher bekannt als OsiSense XT) sind f\u00fcr die kontaktlose Erkennung von Materialien bis zu 20 mm ausgelegt, unabh\u00e4ngig vom Materialtyp oder der Leitf\u00e4higkeit (einschlie\u00dflich Metallen, Mineralien, Holz, Kunststoff, Glas, Karton, Leder, Keramik, Fl\u00fcssigkeiten und mehr).<\/p>\t\t\t\t\t\t<\/div>\n\t\t\t\t<\/div>\n\t\t\t\t<\/div>\n\t\t\t\t\t<\/div>\n\t\t\t\t<\/div>\n\t\t<div class=\"elementor-element elementor-element-93fa67c e-flex e-con-boxed e-con e-parent\" data-id=\"93fa67c\" data-element_type=\"container\">\n\t\t\t\t\t<div class=\"e-con-inner\">\n\t\t\t\t<div class=\"elementor-element elementor-element-d4d4c3e elementor-widget elementor-widget-spacer\" data-id=\"d4d4c3e\" data-element_type=\"widget\" data-widget_type=\"spacer.default\">\n\t\t\t\t<div class=\"elementor-widget-container\">\n\t\t\t\t\t<div class=\"elementor-spacer\">\n\t\t\t<div class=\"elementor-spacer-inner\"><\/div>\n\t\t<\/div>\n\t\t\t\t<\/div>\n\t\t\t\t<\/div>\n\t\t\t\t\t<\/div>\n\t\t\t\t<\/div>\n\t\t<div class=\"elementor-element elementor-element-c0fa35a e-flex e-con-boxed e-con e-parent\" data-id=\"c0fa35a\" data-element_type=\"container\">\n\t\t\t\t\t<div class=\"e-con-inner\">\n\t\t\t\t<div class=\"elementor-element elementor-element-87b8e3b elementor-widget elementor-widget-heading\" data-id=\"87b8e3b\" data-element_type=\"widget\" data-widget_type=\"heading.default\">\n\t\t\t\t<div class=\"elementor-widget-container\">\n\t\t\t<h2 class=\"elementor-heading-title elementor-size-default\">Produktreihe<\/h2>\t\t<\/div>\n\t\t\t\t<\/div>\n\t\t\t\t\t<\/div>\n\t\t\t\t<\/div>\n\t\t<div class=\"elementor-element elementor-element-858b7d9 products_group e-flex e-con-boxed e-con e-parent\" data-id=\"858b7d9\" data-element_type=\"container\">\n\t\t\t\t\t<div class=\"e-con-inner\">\n\t\t<div class=\"elementor-element elementor-element-ddc7e76 e-con-full e-flex e-con e-child\" data-id=\"ddc7e76\" data-element_type=\"container\">\n\t\t\t\t<div class=\"elementor-element elementor-element-d194694 elementor-widget elementor-widget-image\" data-id=\"d194694\" data-element_type=\"widget\" data-widget_type=\"image.default\">\n\t\t\t\t<div class=\"elementor-widget-container\">\n\t\t\t\t\t\t\t\t\t\t\t\t\t\t<a href=\"https:\/\/www.aoisensors.com\/de\/inductive-sensors-xs\/\">\n\t\t\t\t\t\t\t<img decoding=\"async\" width=\"730\" height=\"730\" src=\"https:\/\/www.aoisensors.com\/wp-content\/uploads\/2024\/11\/12145671723-InductiveSensorsXS.png\" class=\"attachment-full size-full wp-image-1178\" alt=\"\" srcset=\"https:\/\/www.aoisensors.com\/wp-content\/uploads\/2024\/11\/12145671723-InductiveSensorsXS.png 730w, https:\/\/www.aoisensors.com\/wp-content\/uploads\/2024\/11\/12145671723-InductiveSensorsXS-600x600.png 600w, https:\/\/www.aoisensors.com\/wp-content\/uploads\/2024\/11\/12145671723-InductiveSensorsXS-300x300.png 300w, https:\/\/www.aoisensors.com\/wp-content\/uploads\/2024\/11\/12145671723-InductiveSensorsXS-12x12.png 12w\" sizes=\"(max-width: 730px) 100vw, 730px\" \/>\t\t\t\t\t\t\t\t<\/a>\n\t\t\t\t\t\t\t\t\t\t\t\t\t<\/div>\n\t\t\t\t<\/div>\n\t\t\t\t<div class=\"elementor-element elementor-element-302c138 elementor-widget elementor-widget-heading\" data-id=\"302c138\" data-element_type=\"widget\" data-widget_type=\"heading.default\">\n\t\t\t\t<div class=\"elementor-widget-container\">\n\t\t\t<h4 class=\"elementor-heading-title elementor-size-default\"><a href=\"https:\/\/www.aoisensors.com\/de\/inductive-sensors-xs\/\">Inductive sensors XS<\/a><\/h4>\t\t<\/div>\n\t\t\t\t<\/div>\n\t\t\t\t<div class=\"elementor-element elementor-element-1137e24 extra_long_hidden elementor-widget elementor-widget-text-editor\" data-id=\"1137e24\" data-element_type=\"widget\" data-widget_type=\"text-editor.default\">\n\t\t\t\t<div class=\"elementor-widget-container\">\n\t\t\t\t\t\t\t<p>Wenn ein Metallobjekt das Magnetfeld des Sensors betritt, werden induzierte Str\u00f6me ausgel\u00f6st, die eine zus\u00e4tzliche Last erzeugen und die Oszillationen stoppen. Diese Aktion aktiviert den Ausgangstreiber, der dann ein normalerweise offenes (NO) oder normalerweise geschlossenes (NC) Signal erzeugt, je nach Sensortyp.<\/p><p>Unsere induktiven Sensoren sind sowohl in fl\u00e4chenb\u00fcndigen als auch in nicht fl\u00e4chenb\u00fcndigen (geschirmten oder ungeschirmten) Ausf\u00fchrungen erh\u00e4ltlich, mit Optionen f\u00fcr kurze und lange Geh\u00e4useformen sowie in PNP- und NPN-Versionen, die weltweit mit SPS und Steuerungen kompatibel sind. Dar\u00fcber hinaus bieten wir 2-Draht-Gleichstrom-, Wechselstrom- und Wechselstrom\/Gleichstrom-Versionen an, wodurch diese Sensoren f\u00fcr den Einsatz als Grenzschalter in verschiedenen Anwendungen geeignet sind.<\/p>\t\t\t\t\t\t<\/div>\n\t\t\t\t<\/div>\n\t\t\t\t<div class=\"elementor-element elementor-element-83c0cc9 elementor-align-center elementor-widget elementor-widget-button\" data-id=\"83c0cc9\" data-element_type=\"widget\" data-widget_type=\"button.default\">\n\t\t\t\t<div class=\"elementor-widget-container\">\n\t\t\t\t\t\t\t<div class=\"elementor-button-wrapper\">\n\t\t\t\t\t<a class=\"elementor-button elementor-button-link elementor-size-sm\" href=\"https:\/\/www.aoisensors.com\/de\/inductive-sensors-xs\/\">\n\t\t\t\t\t\t<span class=\"elementor-button-content-wrapper\">\n\t\t\t\t\t\t\t\t\t<span class=\"elementor-button-text\">Erfahren Sie mehr<\/span>\n\t\t\t\t\t<\/span>\n\t\t\t\t\t<\/a>\n\t\t\t\t<\/div>\n\t\t\t\t\t\t<\/div>\n\t\t\t\t<\/div>\n\t\t\t\t<\/div>\n\t\t<div class=\"elementor-element elementor-element-f607b35 e-con-full e-flex e-con e-child\" data-id=\"f607b35\" data-element_type=\"container\">\n\t\t\t\t<div class=\"elementor-element elementor-element-18cedc8 elementor-widget elementor-widget-image\" data-id=\"18cedc8\" data-element_type=\"widget\" data-widget_type=\"image.default\">\n\t\t\t\t<div class=\"elementor-widget-container\">\n\t\t\t\t\t\t\t\t\t\t\t\t\t\t<a href=\"https:\/\/www.aoisensors.com\/de\/capacitive-sensors-xt\/\">\n\t\t\t\t\t\t\t<img decoding=\"async\" width=\"730\" height=\"730\" src=\"https:\/\/www.aoisensors.com\/wp-content\/uploads\/2024\/11\/12145664269-CapacitiveSensorsXT_0.png\" class=\"attachment-full size-full wp-image-1177\" alt=\"\" srcset=\"https:\/\/www.aoisensors.com\/wp-content\/uploads\/2024\/11\/12145664269-CapacitiveSensorsXT_0.png 730w, https:\/\/www.aoisensors.com\/wp-content\/uploads\/2024\/11\/12145664269-CapacitiveSensorsXT_0-600x600.png 600w, https:\/\/www.aoisensors.com\/wp-content\/uploads\/2024\/11\/12145664269-CapacitiveSensorsXT_0-300x300.png 300w, https:\/\/www.aoisensors.com\/wp-content\/uploads\/2024\/11\/12145664269-CapacitiveSensorsXT_0-12x12.png 12w\" sizes=\"(max-width: 730px) 100vw, 730px\" \/>\t\t\t\t\t\t\t\t<\/a>\n\t\t\t\t\t\t\t\t\t\t\t\t\t<\/div>\n\t\t\t\t<\/div>\n\t\t\t\t<div class=\"elementor-element elementor-element-6538916 elementor-widget elementor-widget-heading\" data-id=\"6538916\" data-element_type=\"widget\" data-widget_type=\"heading.default\">\n\t\t\t\t<div class=\"elementor-widget-container\">\n\t\t\t<h4 class=\"elementor-heading-title elementor-size-default\"><a href=\"https:\/\/www.aoisensors.com\/de\/capacitive-sensors-xt\/\">Capacitive sensors XT<\/a><\/h4>\t\t<\/div>\n\t\t\t\t<\/div>\n\t\t\t\t<div class=\"elementor-element elementor-element-d7a34d2 extra_long_hidden elementor-widget elementor-widget-text-editor\" data-id=\"d7a34d2\" data-element_type=\"widget\" data-widget_type=\"text-editor.default\">\n\t\t\t\t<div class=\"elementor-widget-container\">\n\t\t\t\t\t\t\t<p>Kapazitive N\u00e4herungssensoren erkennen Objekte basierend auf ihrer F\u00e4higkeit, eine elektrische Ladung zu halten. Diese Sensoren funktionieren, indem sie eine Spannung auf eine Erfassungsfl\u00e4che anwenden und Ver\u00e4nderungen in einer Eigenschaft namens Kapazit\u00e4t messen \u2013 der F\u00e4higkeit eines Objekts, elektrische Ladung zu speichern. Da sowohl leitf\u00e4hige als auch nicht leitf\u00e4hige Materialien Ladungen halten k\u00f6nnen, k\u00f6nnen kapazitive Sensoren nahezu jede Art von Objekt effektiv erkennen.<\/p>\t\t\t\t\t\t<\/div>\n\t\t\t\t<\/div>\n\t\t\t\t<div class=\"elementor-element elementor-element-d663098 elementor-align-center elementor-widget elementor-widget-button\" data-id=\"d663098\" data-element_type=\"widget\" data-widget_type=\"button.default\">\n\t\t\t\t<div class=\"elementor-widget-container\">\n\t\t\t\t\t\t\t<div class=\"elementor-button-wrapper\">\n\t\t\t\t\t<a class=\"elementor-button elementor-button-link elementor-size-sm\" href=\"https:\/\/www.aoisensors.com\/de\/capacitive-sensors-xt\/\">\n\t\t\t\t\t\t<span class=\"elementor-button-content-wrapper\">\n\t\t\t\t\t\t\t\t\t<span class=\"elementor-button-text\">Erfahren Sie mehr<\/span>\n\t\t\t\t\t<\/span>\n\t\t\t\t\t<\/a>\n\t\t\t\t<\/div>\n\t\t\t\t\t\t<\/div>\n\t\t\t\t<\/div>\n\t\t\t\t<\/div>\n\t\t<div class=\"elementor-element elementor-element-44d75cc e-con-full e-flex e-con e-child\" data-id=\"44d75cc\" data-element_type=\"container\">\n\t\t\t\t<\/div>\n\t\t\t\t\t<\/div>\n\t\t\t\t<\/div>\n\t\t<div class=\"elementor-element elementor-element-9cc407f e-flex e-con-boxed e-con e-parent\" data-id=\"9cc407f\" data-element_type=\"container\">\n\t\t\t\t\t<div class=\"e-con-inner\">\n\t\t\t\t<div class=\"elementor-element elementor-element-0e75954 elementor-widget elementor-widget-spacer\" data-id=\"0e75954\" data-element_type=\"widget\" data-widget_type=\"spacer.default\">\n\t\t\t\t<div class=\"elementor-widget-container\">\n\t\t\t\t\t<div class=\"elementor-spacer\">\n\t\t\t<div class=\"elementor-spacer-inner\"><\/div>\n\t\t<\/div>\n\t\t\t\t<\/div>\n\t\t\t\t<\/div>\n\t\t\t\t\t<\/div>\n\t\t\t\t<\/div>\n\t\t<div class=\"elementor-element elementor-element-9fe8a64 e-flex e-con-boxed e-con e-parent\" data-id=\"9fe8a64\" data-element_type=\"container\">\n\t\t\t\t\t<div class=\"e-con-inner\">\n\t\t\t\t\t<\/div>\n\t\t\t\t<\/div>\n\t\t\t\t<\/div>","protected":false},"excerpt":{"rendered":"<p>Inductive Sensors &amp; Capacitive Sensors Our inductive proximity sensors from Telemecanique Sensors (formerly known as OsiSense XS) are designed exclusively for detecting metal objects up to 60mm. They consist mainly of an oscillator, whose windings form the sensing face. An alternating magnetic field is generated in front of these windings. Our capacitive sensors from Telemecanique [&hellip;]<\/p>","protected":false},"author":1,"featured_media":0,"parent":0,"menu_order":0,"comment_status":"closed","ping_status":"closed","template":"","meta":{"footnotes":""},"class_list":["post-1170","page","type-page","status-publish","hentry"],"yoast_head":"<!-- This site is optimized with the Yoast SEO Premium plugin v23.7 (Yoast SEO v23.7) - https:\/\/yoast.com\/wordpress\/plugins\/seo\/ -->\n<title>Inductive Sensors &amp; Capacitive Sensors | www.aoisensors.com<\/title>\n<meta name=\"description\" content=\"Our inductive proximity sensors from Telemecanique Sensors (formerly known as OsiSense XS) are designed exclusively for detecting metal objects up to 60mm. They consist mainly of an oscillator, whose windings form the sensing face. An alternating magnetic field is generated in front of these windings.\" \/>\n<meta name=\"robots\" content=\"index, follow, max-snippet:-1, max-image-preview:large, max-video-preview:-1\" \/>\n<link rel=\"canonical\" href=\"https:\/\/www.aoisensors.com\/de\/inductive-sensors-capacitive-sensors\/\" \/>\n<meta property=\"og:locale\" content=\"de_DE\" \/>\n<meta property=\"og:type\" content=\"article\" \/>\n<meta property=\"og:title\" content=\"Inductive Sensors &amp; Capacitive Sensors\" \/>\n<meta property=\"og:description\" content=\"Our inductive proximity sensors from Telemecanique Sensors (formerly known as OsiSense XS) are designed exclusively for detecting metal objects up to 60mm. They consist mainly of an oscillator, whose windings form the sensing face. An alternating magnetic field is generated in front of these windings.\" \/>\n<meta property=\"og:url\" content=\"https:\/\/www.aoisensors.com\/de\/inductive-sensors-capacitive-sensors\/\" \/>\n<meta property=\"og:site_name\" content=\"AOI Sensors\" \/>\n<meta property=\"article:modified_time\" content=\"2024-11-13T06:53:55+00:00\" \/>\n<meta property=\"og:image\" content=\"https:\/\/www.aoisensors.com\/wp-content\/uploads\/2024\/11\/InductivesCapacitives_1_0-768x672.jpg\" \/>\n<meta name=\"twitter:card\" content=\"summary_large_image\" \/>\n<meta name=\"twitter:label1\" content=\"Gesch\u00e4tzte Lesezeit\" \/>\n\t<meta name=\"twitter:data1\" content=\"3\u00a0Minuten\" \/>\n<script type=\"application\/ld+json\" class=\"yoast-schema-graph\">{\"@context\":\"https:\/\/schema.org\",\"@graph\":[{\"@type\":\"WebPage\",\"@id\":\"https:\/\/www.aoisensors.com\/inductive-sensors-capacitive-sensors\/\",\"url\":\"https:\/\/www.aoisensors.com\/inductive-sensors-capacitive-sensors\/\",\"name\":\"Inductive Sensors & Capacitive Sensors | www.aoisensors.com\",\"isPartOf\":{\"@id\":\"https:\/\/www.aoisensors.com\/#website\"},\"primaryImageOfPage\":{\"@id\":\"https:\/\/www.aoisensors.com\/inductive-sensors-capacitive-sensors\/#primaryimage\"},\"image\":{\"@id\":\"https:\/\/www.aoisensors.com\/inductive-sensors-capacitive-sensors\/#primaryimage\"},\"thumbnailUrl\":\"https:\/\/www.aoisensors.com\/wp-content\/uploads\/2024\/11\/InductivesCapacitives_1_0-768x672.jpg\",\"datePublished\":\"2024-11-11T01:31:02+00:00\",\"dateModified\":\"2024-11-13T06:53:55+00:00\",\"description\":\"Our inductive proximity sensors from Telemecanique Sensors (formerly known as OsiSense XS) are designed exclusively for detecting metal objects up to 60mm. They consist mainly of an oscillator, whose windings form the sensing face. An alternating magnetic field is generated in front of these windings.\",\"breadcrumb\":{\"@id\":\"https:\/\/www.aoisensors.com\/inductive-sensors-capacitive-sensors\/#breadcrumb\"},\"inLanguage\":\"de\",\"potentialAction\":[{\"@type\":\"ReadAction\",\"target\":[\"https:\/\/www.aoisensors.com\/inductive-sensors-capacitive-sensors\/\"]}]},{\"@type\":\"ImageObject\",\"inLanguage\":\"de\",\"@id\":\"https:\/\/www.aoisensors.com\/inductive-sensors-capacitive-sensors\/#primaryimage\",\"url\":\"https:\/\/www.aoisensors.com\/wp-content\/uploads\/2024\/11\/InductivesCapacitives_1_0-768x672.jpg\",\"contentUrl\":\"https:\/\/www.aoisensors.com\/wp-content\/uploads\/2024\/11\/InductivesCapacitives_1_0-768x672.jpg\"},{\"@type\":\"BreadcrumbList\",\"@id\":\"https:\/\/www.aoisensors.com\/inductive-sensors-capacitive-sensors\/#breadcrumb\",\"itemListElement\":[{\"@type\":\"ListItem\",\"position\":1,\"name\":\"\u9996\u9875\",\"item\":\"https:\/\/www.aoisensors.com\/\"},{\"@type\":\"ListItem\",\"position\":2,\"name\":\"Inductive Sensors &#038; Capacitive Sensors\"}]},{\"@type\":\"WebSite\",\"@id\":\"https:\/\/www.aoisensors.com\/#website\",\"url\":\"https:\/\/www.aoisensors.com\/\",\"name\":\"AOI Sensors\",\"description\":\"\",\"publisher\":{\"@id\":\"https:\/\/www.aoisensors.com\/#organization\"},\"potentialAction\":[{\"@type\":\"SearchAction\",\"target\":{\"@type\":\"EntryPoint\",\"urlTemplate\":\"https:\/\/www.aoisensors.com\/?s={search_term_string}\"},\"query-input\":{\"@type\":\"PropertyValueSpecification\",\"valueRequired\":true,\"valueName\":\"search_term_string\"}}],\"inLanguage\":\"de\"},{\"@type\":\"Organization\",\"@id\":\"https:\/\/www.aoisensors.com\/#organization\",\"name\":\"AOI Sensors\",\"url\":\"https:\/\/www.aoisensors.com\/\",\"logo\":{\"@type\":\"ImageObject\",\"inLanguage\":\"de\",\"@id\":\"https:\/\/www.aoisensors.com\/#\/schema\/logo\/image\/\",\"url\":\"https:\/\/www.aoisensors.com\/wp-content\/uploads\/2024\/10\/AOI-Solution-logo.png\",\"contentUrl\":\"https:\/\/www.aoisensors.com\/wp-content\/uploads\/2024\/10\/AOI-Solution-logo.png\",\"width\":327,\"height\":121,\"caption\":\"AOI Sensors\"},\"image\":{\"@id\":\"https:\/\/www.aoisensors.com\/#\/schema\/logo\/image\/\"}}]}<\/script>\n<!-- \/ Yoast SEO Premium plugin. -->","yoast_head_json":{"title":"Inductive Sensors & Capacitive Sensors | www.aoisensors.com","description":"Our inductive proximity sensors from Telemecanique Sensors (formerly known as OsiSense XS) are designed exclusively for detecting metal objects up to 60mm. They consist mainly of an oscillator, whose windings form the sensing face. An alternating magnetic field is generated in front of these windings.","robots":{"index":"index","follow":"follow","max-snippet":"max-snippet:-1","max-image-preview":"max-image-preview:large","max-video-preview":"max-video-preview:-1"},"canonical":"https:\/\/www.aoisensors.com\/de\/inductive-sensors-capacitive-sensors\/","og_locale":"de_DE","og_type":"article","og_title":"Inductive Sensors & Capacitive Sensors","og_description":"Our inductive proximity sensors from Telemecanique Sensors (formerly known as OsiSense XS) are designed exclusively for detecting metal objects up to 60mm. They consist mainly of an oscillator, whose windings form the sensing face. An alternating magnetic field is generated in front of these windings.","og_url":"https:\/\/www.aoisensors.com\/de\/inductive-sensors-capacitive-sensors\/","og_site_name":"AOI Sensors","article_modified_time":"2024-11-13T06:53:55+00:00","og_image":[{"url":"https:\/\/www.aoisensors.com\/wp-content\/uploads\/2024\/11\/InductivesCapacitives_1_0-768x672.jpg"}],"twitter_card":"summary_large_image","twitter_misc":{"Gesch\u00e4tzte Lesezeit":"3\u00a0Minuten"},"schema":{"@context":"https:\/\/schema.org","@graph":[{"@type":"WebPage","@id":"https:\/\/www.aoisensors.com\/inductive-sensors-capacitive-sensors\/","url":"https:\/\/www.aoisensors.com\/inductive-sensors-capacitive-sensors\/","name":"Inductive Sensors & Capacitive Sensors | www.aoisensors.com","isPartOf":{"@id":"https:\/\/www.aoisensors.com\/#website"},"primaryImageOfPage":{"@id":"https:\/\/www.aoisensors.com\/inductive-sensors-capacitive-sensors\/#primaryimage"},"image":{"@id":"https:\/\/www.aoisensors.com\/inductive-sensors-capacitive-sensors\/#primaryimage"},"thumbnailUrl":"https:\/\/www.aoisensors.com\/wp-content\/uploads\/2024\/11\/InductivesCapacitives_1_0-768x672.jpg","datePublished":"2024-11-11T01:31:02+00:00","dateModified":"2024-11-13T06:53:55+00:00","description":"Our inductive proximity sensors from Telemecanique Sensors (formerly known as OsiSense XS) are designed exclusively for detecting metal objects up to 60mm. They consist mainly of an oscillator, whose windings form the sensing face. An alternating magnetic field is generated in front of these windings.","breadcrumb":{"@id":"https:\/\/www.aoisensors.com\/inductive-sensors-capacitive-sensors\/#breadcrumb"},"inLanguage":"de","potentialAction":[{"@type":"ReadAction","target":["https:\/\/www.aoisensors.com\/inductive-sensors-capacitive-sensors\/"]}]},{"@type":"ImageObject","inLanguage":"de","@id":"https:\/\/www.aoisensors.com\/inductive-sensors-capacitive-sensors\/#primaryimage","url":"https:\/\/www.aoisensors.com\/wp-content\/uploads\/2024\/11\/InductivesCapacitives_1_0-768x672.jpg","contentUrl":"https:\/\/www.aoisensors.com\/wp-content\/uploads\/2024\/11\/InductivesCapacitives_1_0-768x672.jpg"},{"@type":"BreadcrumbList","@id":"https:\/\/www.aoisensors.com\/inductive-sensors-capacitive-sensors\/#breadcrumb","itemListElement":[{"@type":"ListItem","position":1,"name":"\u9996\u9875","item":"https:\/\/www.aoisensors.com\/"},{"@type":"ListItem","position":2,"name":"Inductive Sensors &#038; Capacitive Sensors"}]},{"@type":"WebSite","@id":"https:\/\/www.aoisensors.com\/#website","url":"https:\/\/www.aoisensors.com\/","name":"AOI Sensors","description":"","publisher":{"@id":"https:\/\/www.aoisensors.com\/#organization"},"potentialAction":[{"@type":"SearchAction","target":{"@type":"EntryPoint","urlTemplate":"https:\/\/www.aoisensors.com\/?s={search_term_string}"},"query-input":{"@type":"PropertyValueSpecification","valueRequired":true,"valueName":"search_term_string"}}],"inLanguage":"de"},{"@type":"Organization","@id":"https:\/\/www.aoisensors.com\/#organization","name":"AOI Sensors","url":"https:\/\/www.aoisensors.com\/","logo":{"@type":"ImageObject","inLanguage":"de","@id":"https:\/\/www.aoisensors.com\/#\/schema\/logo\/image\/","url":"https:\/\/www.aoisensors.com\/wp-content\/uploads\/2024\/10\/AOI-Solution-logo.png","contentUrl":"https:\/\/www.aoisensors.com\/wp-content\/uploads\/2024\/10\/AOI-Solution-logo.png","width":327,"height":121,"caption":"AOI Sensors"},"image":{"@id":"https:\/\/www.aoisensors.com\/#\/schema\/logo\/image\/"}}]}},"_links":{"self":[{"href":"https:\/\/www.aoisensors.com\/de\/wp-json\/wp\/v2\/pages\/1170","targetHints":{"allow":["GET"]}}],"collection":[{"href":"https:\/\/www.aoisensors.com\/de\/wp-json\/wp\/v2\/pages"}],"about":[{"href":"https:\/\/www.aoisensors.com\/de\/wp-json\/wp\/v2\/types\/page"}],"author":[{"embeddable":true,"href":"https:\/\/www.aoisensors.com\/de\/wp-json\/wp\/v2\/users\/1"}],"replies":[{"embeddable":true,"href":"https:\/\/www.aoisensors.com\/de\/wp-json\/wp\/v2\/comments?post=1170"}],"version-history":[{"count":14,"href":"https:\/\/www.aoisensors.com\/de\/wp-json\/wp\/v2\/pages\/1170\/revisions"}],"predecessor-version":[{"id":1376,"href":"https:\/\/www.aoisensors.com\/de\/wp-json\/wp\/v2\/pages\/1170\/revisions\/1376"}],"wp:attachment":[{"href":"https:\/\/www.aoisensors.com\/de\/wp-json\/wp\/v2\/media?parent=1170"}],"curies":[{"name":"wp","href":"https:\/\/api.w.org\/{rel}","templated":true}]}}